{"id":55,"date":"2025-10-13T20:02:08","date_gmt":"2025-10-13T18:02:08","guid":{"rendered":"https:\/\/joaquinarbide.com\/?page_id=55"},"modified":"2026-01-22T21:36:24","modified_gmt":"2026-01-22T20:36:24","slug":"sobrejoaquin","status":"publish","type":"page","link":"https:\/\/joaquinarbide.com\/?page_id=55","title":{"rendered":"SOBRE_JOAQUIN"},"content":{"rendered":"<div id=\"pl-gb55-69ff1e1acc5c9\"  class=\"panel-layout\" ><div id=\"pg-gb55-69ff1e1acc5c9-0\"  class=\"panel-grid panel-no-style\" ><div id=\"pgc-gb55-69ff1e1acc5c9-0-0\"  class=\"panel-grid-cell\" ><div id=\"panel-gb55-69ff1e1acc5c9-0-0-0\" class=\"so-panel widget widget_sow-image panel-first-child\" data-index=\"0\" ><div\n\t\t\t\n\t\t\tclass=\"so-widget-sow-image so-widget-sow-image-default-8b5b6f678277-55\"\n\t\t\t\n\t\t>\n<div class=\"sow-image-container\">\n\t\t<img \n\tsrc=\"https:\/\/joaquinarbide.com\/wp-content\/uploads\/2026\/01\/JArbide_T011x.jpg\" width=\"1920\" height=\"628\" srcset=\"https:\/\/joaquinarbide.com\/wp-content\/uploads\/2026\/01\/JArbide_T011x.jpg 1920w, https:\/\/joaquinarbide.com\/wp-content\/uploads\/2026\/01\/JArbide_T011x-300x98.jpg 300w, https:\/\/joaquinarbide.com\/wp-content\/uploads\/2026\/01\/JArbide_T011x-1024x335.jpg 1024w, https:\/\/joaquinarbide.com\/wp-content\/uploads\/2026\/01\/JArbide_T011x-768x251.jpg 768w, https:\/\/joaquinarbide.com\/wp-content\/uploads\/2026\/01\/JArbide_T011x-1536x502.jpg 1536w\" sizes=\"(max-width: 1920px) 100vw, 1920px\" alt=\"\" \t\tclass=\"so-widget-image\"\/>\n\t<\/div>\n\n<\/div><\/div><div id=\"panel-gb55-69ff1e1acc5c9-0-0-1\" class=\"so-panel widget widget_sow-editor panel-last-child\" data-index=\"1\" ><div\n\t\t\t\n\t\t\tclass=\"so-widget-sow-editor so-widget-sow-editor-base\"\n\t\t\t\n\t\t>\n<div class=\"siteorigin-widget-tinymce textwidget\">\n\t<h4 align=\"justify\">Joaqu\u00edn Arbide deber\u00eda haber nacido en C\u00e1diz en 1941, pero las dif\u00edciles circunstancias de posguerra obligaron a su madre a viajar a un pueblecito de la provincia de Badajoz donde, adem\u00e1s de tener un hermano m\u00e9dico, ten\u00eda para comer, cosa dif\u00edcil de conseguir en C\u00e1diz.<\/p>\n<p>Por tanto nace en Bienvenida, pueblo conocido por ser cuna de la famosa dinast\u00eda de toreros, cuya cabeza fue la popular figura del \u201cpapa negro\u201d, el d\u00eda 2 de febrero del citado a\u00f1o.<\/p>\n<p>Extreme\u00f1o, solo de partida de nacimiento, va a C\u00e1diz a los pocos d\u00edas y de all\u00ed, a los pocos meses, emigrar\u00e1 la familia a Tetu\u00e1n, capital de la Zona de Protectorado Espa\u00f1ol en Marruecos, donde su padre, telegrafista de profesi\u00f3n, ha conseguido un puesto de trabajo.<\/p>\n<p>All\u00ed corr\u00eda la comida con facilidad y abundancia, estrategia de Franco para tener contentos a unos moros que, desde sus k\u00e1bilas, no dejaban de ser un enemigo potencial.<\/p>\n<p>En Tetu\u00e1n, Arbide hace sus estudios primarios, el bachillerato del cuarto, sexto y \u201cpreu\u201d y se inclina por las actividades que habr\u00edan de marcar posteriormente su vida: escribe en peri\u00f3dicos, dibuja murales, hace fotos, interviene en representaciones teatrales y, sobre todo, ve cine, mucho cine y sue\u00f1a con llegar a ser director alg\u00fan d\u00eda. Esa pasi\u00f3n la sacia realizando \u201cfoto-novelas\u201d con los compa\u00f1eros de curso.<\/p>\n<\/h4>\n<\/div>\n<\/div><\/div><\/div><\/div><div id=\"pg-gb55-69ff1e1acc5c9-1\"  class=\"panel-grid panel-no-style\" ><div id=\"pgc-gb55-69ff1e1acc5c9-1-0\"  class=\"panel-grid-cell\" ><div id=\"panel-gb55-69ff1e1acc5c9-1-0-0\" class=\"so-panel widget widget_sow-editor panel-first-child panel-last-child\" data-index=\"2\" ><div\n\t\t\t\n\t\t\tclass=\"so-widget-sow-editor so-widget-sow-editor-base\"\n\t\t\t\n\t\t>\n<div class=\"siteorigin-widget-tinymce textwidget\">\n\t<div align=\"center\">\n<p><img loading=\"lazy\" decoding=\"async\" class=\"\" style=\"font-family: inherit; font-size: inherit;\" src=\"Images\/Biografia\/B001.jpg\" alt=\"B1\" width=\"326\" height=\"194\" border=\"1\" \/><\/p>\n<\/div>\n<p style=\"text-align: center;\"><span class=\"Estilo4\">Arbide da sus primeros pasos en prensa escribiendo en el<br \/>\nperi\u00f3dico \u00abNorte\u00bb de Acci\u00f3n Cat\u00f3lica de Tetu\u00e1n. 1957<\/span><\/p>\n<\/div>\n<\/div><\/div><\/div><div id=\"pgc-gb55-69ff1e1acc5c9-1-1\"  class=\"panel-grid-cell\" ><div id=\"panel-gb55-69ff1e1acc5c9-1-1-0\" class=\"so-panel widget widget_sow-editor panel-first-child panel-last-child\" data-index=\"3\" ><div\n\t\t\t\n\t\t\tclass=\"so-widget-sow-editor so-widget-sow-editor-base\"\n\t\t\t\n\t\t>\n<div class=\"siteorigin-widget-tinymce textwidget\">\n\t<p style=\"text-align: center;\"><strong>_____________________<\/strong><\/p>\n<h3 style=\"text-align: center;\"><strong><a class=\"Estilo6\" href=\"grafico.html\" target=\"_self\"><span style=\"color: #000000;\">GR\u00c1FICO BIO_GR\u00c1FICO<\/span><\/a><\/strong><\/h3>\n<p style=\"text-align: center;\"><strong>_____________________<\/strong><\/p>\n<p>&nbsp;<\/p>\n<p>&nbsp;<\/p>\n<\/div>\n<\/div><\/div><\/div><\/div><div id=\"pg-gb55-69ff1e1acc5c9-2\"  class=\"panel-grid panel-no-style\" ><div id=\"pgc-gb55-69ff1e1acc5c9-2-0\"  class=\"panel-grid-cell\" ><div id=\"panel-gb55-69ff1e1acc5c9-2-0-0\" class=\"so-panel widget widget_sow-editor panel-first-child panel-last-child\" data-index=\"4\" ><div\n\t\t\t\n\t\t\tclass=\"so-widget-sow-editor so-widget-sow-editor-base\"\n\t\t\t\n\t\t>\n<div class=\"siteorigin-widget-tinymce textwidget\">\n\t<h4>Muy avanzados los a\u00f1os 50, Francia concede la independencia al Marruecos del sur, su zona de protectorado, lo que obliga a Franco a hacer lo mismo con el Protectorado del norte, lo que trae como consecuencia el retorno, en 1957, de la familia a Espa\u00f1a, asent\u00e1ndose en Sevilla.<\/h4>\n<h4>(Para un mejor conocimiento de la etapa hist\u00f3rica descrita, remitimos a la obra de Joaqu\u00edn Arbide \u201cLOS A\u00d1OS MOROS\u201d. Ver datos en\u00a0<a href=\"libros.html\">Libros<\/a>).<\/h4>\n<h4>En Sevilla, Arbide finaliza en el Instituto San Isidoro el \u201cpreu\u201d que hab\u00eda iniciado en Tetu\u00e1n. Terminado \u00e9ste intenta marchar a Madrid para estudiar en la EOC (Escuela Oficial de Cine), pero por dificultades familiares, se debe conformar con matricularse en la Facultad de Filosof\u00eda y Letras, lo que hace en el curso 1959-60. Durante los a\u00f1os de Universidad ir\u00e1 tomando contacto con el mundillo del teatro, la radio y el periodismo, actividades que, todas mezcladas, le van aproximando al, de momento, inalcanzable mundo del cine, actividades que ir\u00e1n evolucionando de la afici\u00f3n y el \u201camateurismo\u201d a lo profesional, llegando a alcanzar un \u201cmodus vivendi\u201d, que le supondr\u00e1 la entrada en el mundo del periodismo profesional y, como consecuencia, el abandono de las pr\u00e1cticas acad\u00e9micas, dejando la carrera cuando lo quedaba un curso para terminar.<\/h4>\n<h4 align=\"justify\">Como consecuencia de uno de los estrenos que realiza con el TEU del Distrito Universitario de Sevilla, es reclamado por el periodista sevillano Manuel Ben\u00edtez Salvatierra, para que se incorpore a la nueva emisora de radio \u201cLa Voz del Guadalquivir\u201d, perteneciente a la CES (Cadena de emisoras sindicales). Es as\u00ed como Arbide va consiguiendo esa independencia que le permite trabajar, con las manos libres y por sus propios medios, en el teatro, la radio y el periodismo. Ha encadenado la vida estudiantil y de aficionado con el mundo de la profesionalidad.<\/h4>\n<h4 align=\"justify\">Hay que hacer notar que entonces no exist\u00eda escuela de periodismo y que el carnet profesional era concedido tras haber desarrollado unos a\u00f1os de trabajo en un medio de comunicaci\u00f3n sin que se hubiese planteado en ese tiempo ning\u00fan tipo de \u201cproblema\u201d.<\/h4>\n<h4 align=\"justify\">En la segunda parte de los a\u00f1os 60, Arbide inicia una fren\u00e9tica actividad en la cual alterna, en un principio, las responsabilidades contra\u00eddas con el SEU como Delegado de Actividades Culturales del Distrito Universitario de Sevilla, con la radio, el teatro y los primeros escarceos en el mundo del periodismo. Pero pronto habr\u00e1 de desvincularse, tambi\u00e9n, del SEU.<\/h4>\n<h4 align=\"justify\">(Para conseguir una mayor y m\u00e1s amplia panor\u00e1mica de estos a\u00f1os, remitimos al lector a su libro \u201cSevilla en los 60\u201d. Ver datos en\u00a0<a href=\"libros.html\">Libros<\/a>).<\/h4>\n<\/div>\n<\/div><\/div><\/div><div id=\"pgc-gb55-69ff1e1acc5c9-2-1\"  class=\"panel-grid-cell\" ><div id=\"panel-gb55-69ff1e1acc5c9-2-1-0\" class=\"so-panel widget widget_sow-editor panel-first-child panel-last-child\" data-index=\"5\" ><div\n\t\t\t\n\t\t\tclass=\"so-widget-sow-editor so-widget-sow-editor-base\"\n\t\t\t\n\t\t>\n<div class=\"siteorigin-widget-tinymce textwidget\">\n\t<p style=\"text-align: center;\"><img loading=\"lazy\" decoding=\"async\" src=\"Images\/Biografia\/B002.jpg\" alt=\"B2\" width=\"600\" height=\"766\" border=\"1\" \/><br \/>\n<span class=\"Estilo4\">Representaci\u00f3n de \u00abLa Oca\u00bb de Pedro Mu\u00f1oz Seca, con el<br \/>\nCuadro de Acci\u00f3n Cat\u00f3lica en Tetu\u00e1n. 1957<\/span><\/p>\n<\/div>\n<\/div><\/div><\/div><\/div><div id=\"pg-gb55-69ff1e1acc5c9-3\"  class=\"panel-grid panel-no-style\" ><div id=\"pgc-gb55-69ff1e1acc5c9-3-0\"  class=\"panel-grid-cell\" ><div id=\"panel-gb55-69ff1e1acc5c9-3-0-0\" class=\"so-panel widget widget_sow-editor panel-first-child panel-last-child\" data-index=\"6\" ><div\n\t\t\t\n\t\t\tclass=\"so-widget-sow-editor so-widget-sow-editor-base\"\n\t\t\t\n\t\t>\n<div class=\"siteorigin-widget-tinymce textwidget\">\n\t<h4 align=\"justify\">Alguien le lleg\u00f3 a comentar en cierta ocasi\u00f3n, que de haberse dedicado exclusivamente a cualquiera de aquellas actividades habr\u00eda llegado a triunfar plenamente en ella. El sol\u00eda contestar que \u201camaba tanto y disfrutaba tanto con todas ellas, que era incapaz de abandonar ninguna y que, mientras pudiera, iba a seguir adelante con todas.\u201d<\/h4>\n<h4 align=\"justify\">En 1968, cuando el periodista Manuel Alonso Vicedo, procedente de Radio Vida, aterriz\u00f3 en Radio Sevilla (SER), le hizo una oferta para dejar \u201cLa Voz del Guadalquivir\u201d y pasarse a Radio Sevilla. Arbide sopes\u00f3 la oferta y termin\u00f3 rechaz\u00e1ndola, porque aquel cambio iba en detrimento de su dedicaci\u00f3n al teatro, que entonces era lo que m\u00e1s le interesaba y atra\u00eda.<\/h4>\n<h4 align=\"justify\">Tambi\u00e9n tuvo insinuaciones para marchar a hacer teatro a Madrid. Pero Sevilla le tiraba demasiado. Prefiri\u00f3 siempre ser cabeza de rat\u00f3n a cambio de poseer una amplia capacidad de movilidad en una tierra que dominaba.<\/h4>\n<h4 align=\"justify\">Y as\u00ed continu\u00f3 su andadura, con altos y bajos, entradas y salidas de empresas, \u00e9xitos y fracasos, pero consiguiendo llegar hasta el d\u00eda de hoy dedic\u00e1ndose, solo y exclusivamente, a lo que siempre ha sido su pasi\u00f3n absoluta: fabricar cosas para que las disfruten los dem\u00e1s.<\/h4>\n<\/div>\n<\/div><\/div><\/div><div id=\"pgc-gb55-69ff1e1acc5c9-3-1\"  class=\"panel-grid-cell\" ><div id=\"panel-gb55-69ff1e1acc5c9-3-1-0\" class=\"so-panel widget widget_sow-editor panel-first-child panel-last-child\" data-index=\"7\" ><div\n\t\t\t\n\t\t\tclass=\"so-widget-sow-editor so-widget-sow-editor-base\"\n\t\t\t\n\t\t>\n<div class=\"siteorigin-widget-tinymce textwidget\">\n\t<p style=\"text-align: center;\"><img loading=\"lazy\" decoding=\"async\" src=\"Images\/jarbide.jpg\" alt=\"Arbide\" width=\"352\" height=\"576\" \/><br \/>\n<span class=\"Estilo4\">Arbide en 2002, \u00e9poca de su primer libro<\/span>.<\/p>\n<\/div>\n<\/div><\/div><\/div><\/div><div id=\"pg-gb55-69ff1e1acc5c9-4\"  class=\"panel-grid panel-no-style\" ><div id=\"pgc-gb55-69ff1e1acc5c9-4-0\"  class=\"panel-grid-cell panel-grid-cell-empty\" ><\/div><\/div><\/div>","protected":false},"excerpt":{"rendered":"<p>Joaqu\u00edn Arbide deber\u00eda haber nacido en C\u00e1diz en 1941, pero las dif\u00edciles circunstancias de posguerra obligaron a su madre a viajar a un pueblecito de la provincia de Badajoz donde, &#8230;<\/p>\n","protected":false},"author":1,"featured_media":0,"parent":0,"menu_order":0,"comment_status":"closed","ping_status":"closed","template":"template-fullwidth.php","meta":{"footnotes":""},"class_list":["post-55","page","type-page","status-publish","hentry"],"_links":{"self":[{"href":"https:\/\/joaquinarbide.com\/index.php?rest_route=\/wp\/v2\/pages\/55","targetHints":{"allow":["GET"]}}],"collection":[{"href":"https:\/\/joaquinarbide.com\/index.php?rest_route=\/wp\/v2\/pages"}],"about":[{"href":"https:\/\/joaquinarbide.com\/index.php?rest_route=\/wp\/v2\/types\/page"}],"author":[{"embeddable":true,"href":"https:\/\/joaquinarbide.com\/index.php?rest_route=\/wp\/v2\/users\/1"}],"replies":[{"embeddable":true,"href":"https:\/\/joaquinarbide.com\/index.php?rest_route=%2Fwp%2Fv2%2Fcomments&post=55"}],"version-history":[{"count":38,"href":"https:\/\/joaquinarbide.com\/index.php?rest_route=\/wp\/v2\/pages\/55\/revisions"}],"predecessor-version":[{"id":187,"href":"https:\/\/joaquinarbide.com\/index.php?rest_route=\/wp\/v2\/pages\/55\/revisions\/187"}],"wp:attachment":[{"href":"https:\/\/joaquinarbide.com\/index.php?rest_route=%2Fwp%2Fv2%2Fmedia&parent=55"}],"curies":[{"name":"wp","href":"https:\/\/api.w.org\/{rel}","templated":true}]}}