{"id":44,"date":"2025-10-11T21:16:49","date_gmt":"2025-10-11T19:16:49","guid":{"rendered":"https:\/\/joaquinarbide.com\/?page_id=44"},"modified":"2026-01-16T14:55:15","modified_gmt":"2026-01-16T13:55:15","slug":"prensa","status":"publish","type":"page","link":"https:\/\/joaquinarbide.com\/?page_id=44","title":{"rendered":"PRENSA"},"content":{"rendered":"<div id=\"pl-gb44-69ff1db9bdbe0\"  class=\"panel-layout\" ><div id=\"pg-gb44-69ff1db9bdbe0-0\"  class=\"panel-grid panel-no-style\" ><div id=\"pgc-gb44-69ff1db9bdbe0-0-0\"  class=\"panel-grid-cell\" ><div id=\"panel-gb44-69ff1db9bdbe0-0-0-0\" class=\"so-panel widget widget_sow-editor panel-first-child panel-last-child\" data-index=\"0\" ><div\n\t\t\t\n\t\t\tclass=\"so-widget-sow-editor so-widget-sow-editor-base\"\n\t\t\t\n\t\t>\n<div class=\"siteorigin-widget-tinymce textwidget\">\n\t<table border=\"0\" width=\"650\" cellspacing=\"2\" cellpadding=\"2\" align=\"center\">\n<tbody>\n<tr>\n<td align=\"left\" valign=\"top\">\n<h4 class=\"Estilo2\">_A \u00b7\u00a0<a href=\"#A\">Norte<\/a><br \/>\n_B \u00b7<a href=\"#B\">\u00a0Diario Sevilla<\/a><br \/>\n_C \u00b7<a href=\"#C\">\u00a0Diario Pueblo<\/a><br \/>\n_D \u00b7<a href=\"#D\">\u00a0Diario Sur Oeste<\/a><br \/>\n_E \u00b7\u00a0<a href=\"#E\">Torneo<\/a><br \/>\n_F \u00b7\u00a0<a href=\"#F\">Tierras del Sur<\/a><br \/>\n_G \u00b7<a href=\"#G\">\u00a0Informaciones de Andaluc\u00eda<\/a><\/h4>\n<h4 class=\"Estilo2\">_H \u00b7\u00a0<a href=\"#H\">OTROS<\/a><\/h4>\n<\/td>\n<td colspan=\"2\" valign=\"top\" bgcolor=\"#CC9933\"><\/td>\n<\/tr>\n<tr>\n<td align=\"center\" valign=\"middle\">\n<div align=\"center\">\n<p><img loading=\"lazy\" decoding=\"async\" src=\"Images\/Prensa\/P001.jpg\" alt=\"p1\" width=\"200\" height=\"162\" border=\"1\" \/><br \/>\n<span class=\"Estilo4\">Cr\u00edtica de cine en el diario Pueblo. A\u00f1os 70.<\/span><\/p>\n<p><img loading=\"lazy\" decoding=\"async\" src=\"Images\/Prensa\/P0017x.jpg\" alt=\"P0017\" width=\"200\" height=\"155\" border=\"1\" \/><br \/>\n<span class=\"Estilo4\">Art\u00edculos en \u201cInformaciones de Andaluc\u00eda\u201d. 1976.<\/span><\/p>\n<\/div>\n<\/td>\n<td colspan=\"2\" valign=\"middle\"><span class=\"Estilo2\"><a id=\"A\" name=\"A\"><\/a><\/span><a href=\"#top\"><img loading=\"lazy\" decoding=\"async\" id=\"Image1839111111\" src=\"Images\/flecha2.jpg\" alt=\"top\" width=\"15\" height=\"15\" name=\"Image1839111111\" border=\"0\" \/><\/a><\/p>\n<h4 align=\"justify\"><span class=\"Estilo2\">NORTE (1955-57)<\/span><\/h4>\n<p align=\"justify\">Con catorce a\u00f1os, en Tetu\u00e1n, vive sus primeras experiencias period\u00edsticas escribiendo en el semanario de Acci\u00f3n Cat\u00f3lica de aquella localidad.<\/p>\n<p align=\"justify\"><span class=\"Estilo2\"><a id=\"B\" name=\"B\"><\/a><\/span><span class=\"Estilo3\">.<\/span><\/p>\n<h4 align=\"justify\"><span class=\"Estilo2\">DIARIO SEVILLA (1965-1974)<\/span><\/h4>\n<p align=\"justify\">Su recorrido profesional en la prensa lo inicia en este peri\u00f3dico, que fue diario de la tarde en las fechas indicadas, responsabiliz\u00e1ndose de las secciones de cr\u00edtica de cine y teatro, as\u00ed como de entrevistas y reportajes del mundo del espect\u00e1culo. Es enviado especial a los Festivales de cine de Valladolid.<\/p>\n<p align=\"justify\"><span class=\"Estilo2\"><a id=\"C\" name=\"C\"><\/a><\/span><span class=\"Estilo3\">.<\/span><\/p>\n<h4 align=\"justify\"><span class=\"Estilo2\">DIARIO PUEBLO (1965-1974)<\/span><\/h4>\n<p align=\"justify\">El Diario Pueblo, \u00f3rgano de los sindicatos, monta delegaci\u00f3n en Sevilla. En sus p\u00e1ginas firma las cr\u00edticas de cine y teatro.<\/p>\n<p align=\"justify\"><span class=\"Estilo2\"><a id=\"D\" name=\"D\"><\/a><\/span><a href=\"#top\"><img loading=\"lazy\" decoding=\"async\" id=\"Image1839111112\" src=\"Images\/flecha2.jpg\" alt=\"top\" width=\"15\" height=\"15\" name=\"Image1839111112\" border=\"0\" \/><\/a><\/p>\n<\/td>\n<\/tr>\n<tr>\n<td valign=\"top\">\n<h4 align=\"justify\"><span class=\"Estilo2\">DIARIO SUR-OESTE (1974-75)<\/span><\/h4>\n<p align=\"justify\">El Diario Sevilla, perteneciente a la cadena de Prensa del Movimiento, desaparece para dejar paso al nuevo peri\u00f3dico de la misma cadena que se monta con las m\u00e1s avanzadas t\u00e9cnicas de la impresi\u00f3n. P\u00e1ginas a todo color, gran tirada de ejemplares&#8230; Pero aquel invento llega demasiado tarde. El sistema pol\u00edtico se desmorona y ni la nueva maquinaria, ni el equipo de redacci\u00f3n, tienen tiempo de llegar a funcionar a su m\u00e1ximo rendimiento.<\/p>\n<p align=\"justify\">Arbide, impert\u00e9rrito, como si nada fuese con \u00e9l, sigue firmando las cr\u00edticas de cine y de teatro, as\u00ed como las entrevistas y reportajes del mundo del espect\u00e1culo.<\/p>\n<p align=\"justify\">En estos tres peri\u00f3dicos trabaj\u00f3 siempre bajo la direcci\u00f3n de Manuel Ben\u00edtez Salvatierra, \u201cC\u00e9sar del Arco\u201d, y junto a compa\u00f1eros como Manuel Lorente, los hermanos Bonachera, F\u00e9lix Machuca, Manuel Ram\u00edrez Fern\u00e1ndez de C\u00f3rdoba, Fausto Botello, Fernando Gel\u00e1n&#8230;<\/p>\n<\/td>\n<td colspan=\"2\" valign=\"top\">\n<div align=\"center\"><img loading=\"lazy\" decoding=\"async\" src=\"Images\/Prensa\/P003.jpg\" alt=\"p3\" width=\"200\" height=\"270\" \/><br \/>\n\u00abSaber Mirar\u00bb, un art\u00edculo en \u00abTierras del Sur\u00bb<br \/>\npublicaci\u00f3n dirigida por Jos\u00e9 M\u00aa Javierre. A\u00f1os\u00a0 70.<\/div>\n<\/td>\n<\/tr>\n<tr>\n<td align=\"center\" valign=\"middle\" width=\"50%\">\n<p class=\"Estilo4\"><img loading=\"lazy\" decoding=\"async\" class=\"Estilo4\" src=\"Images\/Prensa\/P002.jpg\" alt=\"p2\" width=\"200\" height=\"182\" border=\"1\" \/><br \/>\nCr\u00edtica de cine en \u201cSur-Oeste\u201d. 1976.<\/p>\n<p class=\"Estilo4\"><img loading=\"lazy\" decoding=\"async\" src=\"Images\/Prensa\/P0015x.jpg\" alt=\"P0015\" width=\"200\" height=\"171\" border=\"1\" \/><br \/>\nUn art\u00edculo sobre teatro en el semanario \u201cTorneo\u201d. A\u00f1os 70.<\/p>\n<\/td>\n<td colspan=\"2\" valign=\"middle\"><span class=\"Estilo2\"><a id=\"E\" name=\"E\"><\/a><\/span><a href=\"#top\"><img loading=\"lazy\" decoding=\"async\" id=\"Image1839111113\" src=\"Images\/flecha2.jpg\" alt=\"top\" width=\"15\" height=\"15\" name=\"Image1839111113\" border=\"0\" \/><\/a><\/p>\n<h4 align=\"justify\"><span class=\"Estilo2\">SEMANARIO TORNEO (1970)<\/span><\/h4>\n<p align=\"justify\">Semanario dirigido por Federico Villagr\u00e1n tras su salida de \u201cEl Correo de Andaluc\u00eda\u201d. Peri\u00f3dico alternativo, que intenta ir contracorriente reuniendo las firmas m\u00e1s destacadas del momento period\u00edstico sevillano, como I\u00f1aki Gabilondo, Juan Teba, Manuel Barrios, Pilar del R\u00edo, Isidoro Moreno, Tom\u00e1s Furest, Tom\u00e1s Iglesias&#8230;<\/p>\n<p align=\"justify\">All\u00ed firma reportajes sobre actividades teatrales.<\/p>\n<p align=\"justify\"><span class=\"Estilo2\"><a id=\"F\" name=\"F\"><\/a><\/span><span class=\"Estilo3\">.<\/span><\/p>\n<h4 align=\"justify\"><span class=\"Estilo2\">TIERRAS DEL SUR (1970)<\/span><\/h4>\n<p align=\"justify\">Esta publicaci\u00f3n est\u00e1 dirigida por Jos\u00e9 M\u00aa Javierre y viene a jugar un papel de aperturismo en aquellos dif\u00edciles a\u00f1os. Contin\u00faa con sus reportajes sobre actividades teatrales.<\/p>\n<p align=\"justify\"><span class=\"Estilo2\"><a id=\"G\" name=\"G\"><\/a><\/span><span class=\"Estilo3\">.<\/span><\/p>\n<h4 align=\"justify\"><span class=\"Estilo2\">INFORMACIONES DE ANDALUCIA (1976-77)<\/span><\/h4>\n<p align=\"justify\">En este peri\u00f3dico de la tarde, de corta vida, trabaja en la secci\u00f3n de cultura con Antonio Burgos y Jos\u00e9 Luis Ortiz Nuevo, continuando con sus ya habituales cr\u00edticas de teatro y cine a las que incorpora las de m\u00fasica.<\/p>\n<p><a id=\"H\" name=\"H\"><\/a><a href=\"#top\"><img loading=\"lazy\" decoding=\"async\" id=\"Image1839111114\" src=\"Images\/flecha2.jpg\" alt=\"top\" width=\"15\" height=\"15\" name=\"Image1839111114\" border=\"0\" \/><\/a><\/p>\n<\/td>\n<\/tr>\n<tr>\n<td valign=\"middle\">\n<h4 class=\"Estilo2\">OTROS<\/h4>\n<p><span class=\"Estilo2\">*<\/span>\u00a0En 1986 es jefe de prensa del Ayuntamiento de Lebrija.<\/p>\n<p><span class=\"Estilo2\">*<\/span>\u00a0En 1988. lo es de la Instituci\u00f3n Feria de Muestras Iberoamericana de Sevilla. (FIBES).<\/p>\n<p>&nbsp;<\/p>\n<p>&nbsp;<\/p>\n<\/td>\n<td colspan=\"2\" align=\"center\" valign=\"middle\"><img loading=\"lazy\" decoding=\"async\" src=\"Images\/Prensa\/P005.jpg\" alt=\"p5\" width=\"200\" height=\"162\" border=\"1\" \/><br \/>\n<span class=\"Estilo4\">Entrevista para prensa y radio, con Marilina Ross,<br \/>\nprotagonista de la pel\u00edcula \u201cLa Raulito\u201d tras su estreno<br \/>\nen Sevilla, publicada en diario Sur-Oeste. 1976.<\/span><\/td>\n<\/tr>\n<tr>\n<td valign=\"top\" width=\"353\"><\/td>\n<td valign=\"top\" width=\"60\"><a href=\"#top\"><img loading=\"lazy\" decoding=\"async\" id=\"Image183911111\" src=\"Images\/flecha2.jpg\" alt=\"top\" width=\"15\" height=\"15\" name=\"Image183911111\" border=\"0\" \/><\/a><\/td>\n<td valign=\"top\" width=\"287\"><\/td>\n<\/tr>\n<\/tbody>\n<\/table>\n<\/div>\n<\/div><\/div><\/div><\/div><\/div>","protected":false},"excerpt":{"rendered":"<p>_A \u00b7\u00a0Norte _B \u00b7\u00a0Diario Sevilla _C \u00b7\u00a0Diario Pueblo _D \u00b7\u00a0Diario Sur Oeste _E \u00b7\u00a0Torneo _F \u00b7\u00a0Tierras del Sur _G \u00b7\u00a0Informaciones de Andaluc\u00eda _H \u00b7\u00a0OTROS Cr\u00edtica de cine en el diario &#8230;<\/p>\n","protected":false},"author":1,"featured_media":0,"parent":0,"menu_order":0,"comment_status":"closed","ping_status":"closed","template":"template-fullwidth.php","meta":{"footnotes":""},"class_list":["post-44","page","type-page","status-publish","hentry"],"_links":{"self":[{"href":"https:\/\/joaquinarbide.com\/index.php?rest_route=\/wp\/v2\/pages\/44","targetHints":{"allow":["GET"]}}],"collection":[{"href":"https:\/\/joaquinarbide.com\/index.php?rest_route=\/wp\/v2\/pages"}],"about":[{"href":"https:\/\/joaquinarbide.com\/index.php?rest_route=\/wp\/v2\/types\/page"}],"author":[{"embeddable":true,"href":"https:\/\/joaquinarbide.com\/index.php?rest_route=\/wp\/v2\/users\/1"}],"replies":[{"embeddable":true,"href":"https:\/\/joaquinarbide.com\/index.php?rest_route=%2Fwp%2Fv2%2Fcomments&post=44"}],"version-history":[{"count":3,"href":"https:\/\/joaquinarbide.com\/index.php?rest_route=\/wp\/v2\/pages\/44\/revisions"}],"predecessor-version":[{"id":116,"href":"https:\/\/joaquinarbide.com\/index.php?rest_route=\/wp\/v2\/pages\/44\/revisions\/116"}],"wp:attachment":[{"href":"https:\/\/joaquinarbide.com\/index.php?rest_route=%2Fwp%2Fv2%2Fmedia&parent=44"}],"curies":[{"name":"wp","href":"https:\/\/api.w.org\/{rel}","templated":true}]}}