{"id":42,"date":"2025-10-11T21:16:20","date_gmt":"2025-10-11T19:16:20","guid":{"rendered":"https:\/\/joaquinarbide.com\/?page_id=42"},"modified":"2025-10-20T21:07:10","modified_gmt":"2025-10-20T19:07:10","slug":"cine","status":"publish","type":"page","link":"https:\/\/joaquinarbide.com\/?page_id=42","title":{"rendered":"CINE"},"content":{"rendered":"<div id=\"pl-gb42-69ff1d429540f\"  class=\"panel-layout\" ><div id=\"pg-gb42-69ff1d429540f-0\"  class=\"panel-grid panel-no-style\" ><div id=\"pgc-gb42-69ff1d429540f-0-0\"  class=\"panel-grid-cell\" ><div id=\"panel-gb42-69ff1d429540f-0-0-0\" class=\"so-panel widget widget_sow-editor panel-first-child panel-last-child\" data-index=\"0\" ><div\n\t\t\t\n\t\t\tclass=\"so-widget-sow-editor so-widget-sow-editor-base\"\n\t\t\t\n\t\t>\n<div class=\"siteorigin-widget-tinymce textwidget\">\n\t<table border=\"0\" width=\"650\" cellspacing=\"5\" cellpadding=\"2\" align=\"center\">\n<tbody>\n<tr>\n<td valign=\"top\">\n<div align=\"justify\">\n<p>En la d\u00e9cada de los 70 realiza varios cortometrajes experimentales, documentales y de argumento en S\/8, presentados a festivales nacionales e internacionales, con premios de gui\u00f3n, interpretaci\u00f3n, m\u00fasica y direcci\u00f3n.<br \/>\nColabora en el rodaje de varias pel\u00edculas profesionales y comerciales.<\/p>\n<\/div>\n<\/td>\n<td valign=\"top\" bgcolor=\"#CC9933\"><\/td>\n<\/tr>\n<tr>\n<td align=\"center\" valign=\"top\" width=\"50%\">&nbsp;<\/p>\n<table border=\"0\" width=\"650\" cellspacing=\"5\" cellpadding=\"2\" align=\"center\">\n<tbody>\n<tr>\n<td valign=\"top\" width=\"50%\">\n<p align=\"justify\">Como guionista y director rueda:<\/p>\n<p align=\"justify\"><span class=\"Estilo2\">\u201cUN TIEMPO, UN VERANO\u201d. (1971). (30\u00b4)<\/span><br \/>\nArgumento. Interpretada por Celia M\u00aa Azagra, luego conocida en TVE como Paula Gardoqui.<br \/>\nLa soledad, el aburrimiento y los sue\u00f1os er\u00f3ticos de una joven t\u00edmida y reprimida en una calurosa tarde de verano en Sevilla.<\/p>\n<p align=\"justify\"><span class=\"Estilo2\">\u201cTRES\u201d. (1972). (30\u00b4)<\/span><br \/>\nArgumento. Interpretada por Concha T\u00e1vora.<br \/>\nUna situaci\u00f3n real que se transforma en pesadilla. Dos chicas y un chico se re\u00fanen a estudiar. Las bromas y las insinuaciones se truecan en situaciones que les llevar\u00e1n al l\u00edmite: sexo y crimen. \u00bfSue\u00f1o o realidad?<\/p>\n<p align=\"justify\"><span class=\"Estilo2\">\u201cPORTUGAL\u201d. (1972). (20\u00b4)<\/span><br \/>\nDocumental.<br \/>\nUn viaje tur\u00edstico por el pa\u00eds vecino.<\/p>\n<p align=\"justify\"><span class=\"Estilo2\">\u201cVALDEOBISPO\u201d. (1973). (20\u00b4)<\/span><br \/>\nDocumental.<br \/>\nLa vida en un peque\u00f1o pueblo de la provincia de C\u00e1ceres, uno de esos pueblos en los que \u201cpor no pasar, ni pas\u00f3 la guerra&#8230;\u201d<\/p>\n<p align=\"justify\">Premio Mejor Banda Sonora Adaptada en el Festival \u201cGiraldilla\u201d, 1974.<br \/>\nPremio Mejor Documental en el Festival de Cine de Murcia, 1974.<\/p>\n<p align=\"justify\"><span class=\"Estilo2\">\u201cLOLO\u201d. (1974). (30\u00b4)<\/span><br \/>\nArgumento.<br \/>\nLa tediosa y rutinaria vida cotidiana de un joven que trabaja de mec\u00e1nico en un taller del barrio de una gran ciudad.<\/p>\n<p align=\"justify\">Menci\u00f3n en el Festival Giraldilla, 1974.<\/p>\n<p align=\"justify\"><span class=\"Estilo2\">\u201cGALICIA\u201d. (1975). (20\u00b4)<\/span><br \/>\nDocumental. Gui\u00f3n: Juan Teba.<br \/>\nVisi\u00f3n est\u00e9tica de un pa\u00eds, con una reflexi\u00f3n de fondo sobre la vida de sus gentes.<\/p>\n<p align=\"justify\"><span class=\"Estilo2\">\u201cEL DISC-JOCKEY\u201d. (1975). (30\u00b4)<\/span><br \/>\nArgumento. Interpretada por Luis Baquero. Gui\u00f3n: Juan Teba.<br \/>\nUna aproximaci\u00f3n a la figura de ese personaje radiof\u00f3nico que, con su m\u00fasica, influye en un sector de la sociedad que le rodea, as\u00ed como de ese otro mundo en el que \u00e9l se ve obligado a vivir y que le condiciona como persona y como profesional.<\/p>\n<p align=\"justify\">Premio Mejor Pel\u00edcula, mejor gui\u00f3n, mejor interpretaci\u00f3n y mejor direcci\u00f3n en el Festival \u201cGiraldilla\u201d, 1975.<br \/>\nMejor Direcci\u00f3n en el Festival de Murcia, 1976.<br \/>\nMejor Pel\u00edcula en el Festival de Olot, 1978.<\/p>\n<p align=\"justify\"><span class=\"Estilo2\">\u201cTINTO CON AVELLANAS\u201d. (1976). (30\u00b4)<\/span><br \/>\nArgumento.<br \/>\nEl retrato del clima de desorientaci\u00f3n en el que vivi\u00f3 sumido un sector de la juventud en tiempos de la Transici\u00f3n.<\/p>\n<p align=\"justify\"><span class=\"Estilo2\">\u201cCOSTALEROS\u201d. (1980). (Inconclusa)<\/span><br \/>\nProyectada en la exposici\u00f3n \u201cVivir en Sevilla\u201d, en el Monasterio de la Cartuja en 2005 y, en el marco de la misma muestra, en Mejico y Brasil.<\/p>\n<p align=\"justify\"><span class=\"Estilo2\">\u201cLA ESMERALDA, HISTORIA DE UNA VIDA\u201d. (1981). (30\u00b4)<\/span><br \/>\nDocumental.<br \/>\nUna visi\u00f3n sobre la vida personal y art\u00edstica de Alfonso Gamero Cruces, popular personaje de la noche sevillana, conocido en el mundo del travestismo como \u201cLa Esmeralda\u201d.<\/p>\n<p align=\"justify\">Pel\u00edcula estrenada en el marco del Segundo Festival de Cine de Sevilla, dentro de la Semana de Cine Andaluz, proyectada en la desaparecida sala del cine Villas\u00eds.<\/p>\n<p align=\"justify\">Arbide ha participado con sus pel\u00edculas en los festivales cinematogr\u00e1ficos de Sevilla, Murcia, Madrid, Barcelona, Olot, Sanl\u00facar la Mayor y M\u00e1laga.<\/p>\n<\/td>\n<\/tr>\n<tr>\n<td valign=\"top\" width=\"348\"><\/td>\n<td valign=\"top\"><\/td>\n<\/tr>\n<tr>\n<td valign=\"top\"><\/td>\n<td valign=\"top\"><a href=\"#top\"><img loading=\"lazy\" decoding=\"async\" id=\"Image183911111\" src=\"Images\/flecha2.jpg\" alt=\"top\" width=\"15\" height=\"15\" name=\"Image183911111\" border=\"0\" \/><\/a><\/td>\n<\/tr>\n<\/tbody>\n<\/table>\n<p>PUEDES VER<br \/>\nTODAS LAS PEL\u00cdCULAS DE<br \/>\nJOAQU\u00cdN ARBIDE EN<\/p>\n<p>[\u00a0<a href=\"http:\/\/rtv.joaquinarbide.com\/tv\/cine.html\" target=\"_blank\" rel=\"noopener\">rtv\/arbide<\/a>\u00a0]<br \/>\nRequiere FLASH PLAYER<\/p>\n<p>O en\u00a0<a href=\"https:\/\/www.youtube.com\/channel\/UCRVwYqi3iV5MBzAK4XPvL6Q\" target=\"_blank\" rel=\"noopener\">MI CANAL de YouTube<\/a><\/p>\n<p><a href=\"https:\/\/www.youtube.com\/channel\/UCRVwYqi3iV5MBzAK4XPvL6Q\" target=\"_blank\" rel=\"noopener\"><img loading=\"lazy\" decoding=\"async\" src=\"Images\/Cine\/ArbideYouTube.jpg\" alt=\"\" width=\"250\" height=\"167\" \/><\/a><\/p>\n<\/td>\n<\/tr>\n<\/tbody>\n<\/table>\n<\/div>\n<\/div><\/div><\/div><\/div><\/div>","protected":false},"excerpt":{"rendered":"<p>En la d\u00e9cada de los 70 realiza varios cortometrajes experimentales, documentales y de argumento en S\/8, presentados a festivales nacionales e internacionales, con premios de gui\u00f3n, interpretaci\u00f3n, m\u00fasica y direcci\u00f3n. &#8230;<\/p>\n","protected":false},"author":1,"featured_media":0,"parent":0,"menu_order":0,"comment_status":"closed","ping_status":"closed","template":"template-fullwidth.php","meta":{"footnotes":""},"class_list":["post-42","page","type-page","status-publish","hentry"],"_links":{"self":[{"href":"https:\/\/joaquinarbide.com\/index.php?rest_route=\/wp\/v2\/pages\/42","targetHints":{"allow":["GET"]}}],"collection":[{"href":"https:\/\/joaquinarbide.com\/index.php?rest_route=\/wp\/v2\/pages"}],"about":[{"href":"https:\/\/joaquinarbide.com\/index.php?rest_route=\/wp\/v2\/types\/page"}],"author":[{"embeddable":true,"href":"https:\/\/joaquinarbide.com\/index.php?rest_route=\/wp\/v2\/users\/1"}],"replies":[{"embeddable":true,"href":"https:\/\/joaquinarbide.com\/index.php?rest_route=%2Fwp%2Fv2%2Fcomments&post=42"}],"version-history":[{"count":5,"href":"https:\/\/joaquinarbide.com\/index.php?rest_route=\/wp\/v2\/pages\/42\/revisions"}],"predecessor-version":[{"id":117,"href":"https:\/\/joaquinarbide.com\/index.php?rest_route=\/wp\/v2\/pages\/42\/revisions\/117"}],"wp:attachment":[{"href":"https:\/\/joaquinarbide.com\/index.php?rest_route=%2Fwp%2Fv2%2Fmedia&parent=42"}],"curies":[{"name":"wp","href":"https:\/\/api.w.org\/{rel}","templated":true}]}}