{"id":26,"date":"2025-10-11T14:19:15","date_gmt":"2025-10-11T12:19:15","guid":{"rendered":"https:\/\/joaquinarbide.com\/?page_id=26"},"modified":"2025-10-20T21:16:39","modified_gmt":"2025-10-20T19:16:39","slug":"television","status":"publish","type":"page","link":"https:\/\/joaquinarbide.com\/?page_id=26","title":{"rendered":"TELEVISI\u00d3N"},"content":{"rendered":"<div id=\"pl-gb26-69ff1d671bd3b\"  class=\"panel-layout\" ><div id=\"pg-gb26-69ff1d671bd3b-0\"  class=\"panel-grid panel-no-style\" ><div id=\"pgc-gb26-69ff1d671bd3b-0-0\"  class=\"panel-grid-cell\" ><div id=\"panel-gb26-69ff1d671bd3b-0-0-0\" class=\"so-panel widget widget_sow-editor panel-first-child panel-last-child\" data-index=\"0\" ><div\n\t\t\t\n\t\t\tclass=\"so-widget-sow-editor so-widget-sow-editor-base\"\n\t\t\t\n\t\t>\n<div class=\"siteorigin-widget-tinymce textwidget\">\n\t<table border=\"0\" width=\"650\" cellspacing=\"2\" cellpadding=\"2\" align=\"center\">\n<tbody>\n<tr>\n<td valign=\"top\" width=\"343\">\n<p align=\"left\"><span class=\"Estilo2\">_A \u00b7\u00a0<a href=\"#A\">Videoplaning (1989)<\/a><br \/>\n<span lang=\"en-GB\" xml:lang=\"en-GB\">_B \u00b7<a href=\"#B\">\u00a0AF Imagen<\/a><\/span><a href=\"#B\">\u00a0(1991)<\/a><\/span><br \/>\n<span class=\"Estilo2\">_C \u00b7\u00a0<a href=\"#C\">Giralda TV (1993-2000)<\/a><\/span><\/p>\n<\/td>\n<td align=\"center\" valign=\"middle\" width=\"50%\"><a href=\"http:\/\/rtv.joaquinarbide.com\"><img loading=\"lazy\" decoding=\"async\" src=\"cms\/assets\/images\/cartajuste.jpg\" alt=\"rtv\/arbide\" width=\"140\" height=\"104\" \/><\/a><\/td>\n<\/tr>\n<tr>\n<td align=\"center\" valign=\"middle\"><img loading=\"lazy\" decoding=\"async\" src=\"Images\/TV\/TV001.jpg\" alt=\"tv1\" width=\"324\" height=\"210\" border=\"1\" \/><br \/>\n<span class=\"Estilo7\">Arbide -a la iaquierda- rodando en el Campo de Gibraltar un documental para Canal Sur TV, con un equipo t\u00e9cnico y humano de la productora privada Videoplaning.<\/span><\/p>\n<p>&nbsp;<\/p>\n<p>&nbsp;<\/p>\n<p><img loading=\"lazy\" decoding=\"async\" src=\"Images\/TV\/TV002.jpg\" alt=\"tv2\" width=\"322\" height=\"74\" border=\"1\" \/><br \/>\n<span class=\"Estilo7\">Anuncio en prensa del programa de entrevistas \u00abQueremos conocer\u00bb, presentado por Arbide y emitido por Onda Giralda TV.<\/span><\/p>\n<\/td>\n<td valign=\"top\"><a id=\"A\" name=\"A\"><\/a><a href=\"#top\"><img loading=\"lazy\" decoding=\"async\" id=\"Image1839111111\" src=\"Images\/flecha2.jpg\" alt=\"top\" width=\"15\" height=\"15\" name=\"Image1839111111\" border=\"0\" \/><\/a><\/p>\n<p><span class=\"Estilo2\">VIDEOPLANING (<\/span><span class=\"Estilo4\">Productora privada<\/span><span class=\"Estilo2\">). (1989-1991)<\/span><\/p>\n<p>Como realizador:<\/p>\n<p align=\"justify\">5 cap\u00edtulos de la serie \u201cESCENAS DEL SUR\u201d, para Canal Sur.<br \/>\nRecorridos por pueblos de Andaluc\u00eda mostrando sus paisajes y sus monumentos.<br \/>\nT\u00edtulos: \u201cCampos de Tejada\u201d, \u201cAl sur de C\u00f3rdoba\u201d, \u201cObservatorio de la marina de San Fernando\u201d, \u201cCampo de Gibraltar\u201d y \u201cAlcal\u00e1 la Real\u201d.<\/p>\n<p align=\"justify\">12 cap\u00edtulos de la serie \u201cHECHO A MANO\u201d, para Canal Sur.<br \/>\nUna aproximaci\u00f3n al trabajo de los artesanos andaluces.<br \/>\nT\u00edtulos: \u201cBelenismo y terracota\u201d, \u201cForja granadina\u201d, \u201cGuitarreros\u201d, \u201cMantones y mantillas\u201d, \u201cCalderer\u00eda\u201d, \u201cEncuadernaci\u00f3n art\u00edstica\u201d, \u201cVidrieras y faroles\u201d, \u201cOrfebrer\u00eda sevillana\u201d, \u201cTalla y dorado\u201d, \u201cBordado barroco\u201d, \u201cImaginer\u00eda barroca\u201d y \u201cTaracea y mueble cartujano\u201d.<\/p>\n<p align=\"justify\">230 cap\u00edtulos de la serie \u201cEL ARRIATE\u201d para Canal Sur.<br \/>\nDivulgativo flamenco.<\/p>\n<p align=\"justify\">13 cap\u00edtulos de la serie \u201cESPACIOS NATURALES\u201d para Canal Sur. La flora, la fauna, la tierra, el mar y los fen\u00f3menos atmosf\u00e9ricos en andaluc\u00eda.<br \/>\nT\u00edtulos: \u201cEl aljibe\u201d, \u201cGrazalema\u201d, \u201cCostas I\u201d, \u201cCostas II\u201d, \u201cR\u00edos\u201d, \u201cLagunas\u201d, \u201cSierra Nevada\u201d, \u201cSierra Morena\u201d, \u201cCazorla\u201d, \u201cPiedra\u201d, \u201cDesiertos\u201d, \u201cMarismas\u201d, \u201cAndaluc\u00eda\u201d.<\/p>\n<p align=\"justify\">90 cap\u00edtulos de la serie infantil \u201cLA ISLA DE FLORA\u201d para Canal Sur. Serie dirigida a ni\u00f1os de muy corta edad. Adem\u00e1s es creador del esquema general del gui\u00f3n y de sus contenidos.<\/p>\n<p><a id=\"B\" name=\"B\"><\/a><a href=\"#top\"><img loading=\"lazy\" decoding=\"async\" id=\"Image1839111112\" src=\"Images\/flecha2.jpg\" alt=\"top\" width=\"15\" height=\"15\" name=\"Image1839111112\" border=\"0\" \/><\/a><\/p>\n<\/td>\n<\/tr>\n<tr>\n<td valign=\"top\"><span class=\"Estilo2\">AF IMAGEN (<\/span><span class=\"Estilo4\">Productora privada<\/span><span class=\"Estilo2\">). (1991-1998)<\/span><\/p>\n<p align=\"justify\">Es guionista y realizador de la serie infantil \u201cTALLER DE TRAPOS\u201d .<br \/>\n195 cap\u00edtulos para Canal Sur.<\/p>\n<p align=\"justify\">Es guionista y realizador de la serie infantil \u201cLA MOCHILA\u201d.<br \/>\n26 cap\u00edtulos para Canal Sur.<\/p>\n<p align=\"justify\">Es Director de Producci\u00f3n en las series infantiles y largometrajes:<br \/>\n\u201cEL PRINCIPE ENCANTADO\u201d, Serie infantil para Canal Sur.<br \/>\n\u201cLA PRINCESA QUE NUNCA SE REIA\u201d. Serie infantil para Canal Sur. (Rodada en el sistema 16:9).<br \/>\n\u201cMARIQUILLA RIE PERLAS\u201d. Serie infantil para Canal Sur.<br \/>\nTres adaptaciones sobre cuentos de Antonio Rodr\u00edguez<br \/>\nAlmod\u00f3var, con realizaci\u00f3n de Jos\u00e9 Carlos Guerra-Librero.<\/p>\n<\/td>\n<td class=\"Estilo7\" align=\"center\" valign=\"middle\"><img loading=\"lazy\" decoding=\"async\" src=\"Images\/TV\/TV003.jpg\" alt=\"tv3\" width=\"300\" height=\"186\" border=\"1\" \/><br \/>\nArbide con Pascual Gonz\u00e1lez del grupo Cantores de H\u00edspalis, durante el rodaje del programa piloto de la sarie \u00abPor sevillanas&#8230;\u00bb<\/td>\n<\/tr>\n<tr>\n<td align=\"center\" valign=\"middle\"><span class=\"Estilo2\">\u00abQueremos conocer \u00ab<\/span>\u00a0(Fragmento &#8211; 9Mb)\u00a0<embed src=\"videoimages\/queremos01.wmv\" width=\"320\" height=\"290\" data-mce-fragment=\"1\"\/><\/td>\n<td valign=\"top\" width=\"343\"><a id=\"C\" name=\"C\"><\/a><a href=\"#top\"><img loading=\"lazy\" decoding=\"async\" id=\"Image1839111113\" src=\"Images\/flecha2.jpg\" alt=\"top\" width=\"15\" height=\"15\" name=\"Image1839111113\" border=\"0\" \/><\/a><\/p>\n<p><span class=\"Estilo2\"><strong>GIRALDA TV<\/strong>\u00a0(<\/span><span class=\"Estilo4\">Televisi\u00f3n local de Sevilla<\/span><span class=\"Estilo2\">). (1993-2000)<\/span><\/p>\n<p align=\"justify\">Durante estos a\u00f1os ocupa el cargo de Jefe de Programas, responsabilidad que alterna con la elaboraci\u00f3n de guiones y la presentaci\u00f3n de programas.<\/p>\n<p align=\"justify\">Es director-presentador de \u201cQUEREMOS CONOCER\u201d, serie de entrevistas a personajes sevillanos del mundo de la cultura, la pol\u00edtica, el espect\u00e1culo, el comercio, etc. Llega a realizar cerca de 300 programas.<\/p>\n<p align=\"justify\">Director-presentador de \u201cSEVILLA A DEBATE\u201d. Debates semanales con la asistencia de seis invitados, en torno a temas de inter\u00e9s local. Se dedicaron programas al metro, el puente de Hierro, los taxis, el pub Arny&#8230; Se realizaron 52 programas.<\/p>\n<p align=\"justify\">Director-presentador de \u201cLA EDAD DE ORO\u201d, programa dedicado a la tercera edad. Realiz\u00f3 13 programas.<\/p>\n<p align=\"justify\">Presentador de las retransmisiones en directo de la Vel\u00e1 de Santa Ana, durante los a\u00f1os 1995 y 1998.<\/p>\n<p align=\"justify\">Reportero de calle en las semanas santas de 1996 a 1999.<\/p>\n<p align=\"justify\">Presentador de las retransmisiones en directo de la Feria de Abril durante los a\u00f1os 1996 a 1998.<\/p>\n<p align=\"justify\">Entre otras transmisiones puntuales, destacar el primer avance informativo matinal tras los asesinatos del concejal del Ayuntamiento de Sevilla, Alberto Jim\u00e9nez Becerril y de Ascen, su mujer, as\u00ed como del entierro, en el tramo comprendido entre el Ayuntamiento y la Catedral.<\/p>\n<p align=\"justify\">La visita y recorrido a trav\u00e9s del Palacio de San Telmo, sede de la Presidencia del Gobierno Andaluz, con motivo de una jornada de puertas abiertas.<\/p>\n<\/td>\n<\/tr>\n<tr>\n<td valign=\"top\"><\/td>\n<td valign=\"top\">&nbsp;<\/p>\n<p><strong>\u00b7 Francisco de la Cueva<\/strong>\u00a0(<a href=\"http:\/\/www.altafrecuencia.com\" target=\"_blank\" rel=\"noopener\">Alta Frecuencia<\/a>), intervino como montador musical en la pr\u00e1ctica totalidad de los montajes de radio, teatro, cine y televisi\u00f3n realizados por Joaqu\u00edn Arbide.<\/p>\n<p><a href=\"#top\"><img loading=\"lazy\" decoding=\"async\" id=\"Image183911111\" src=\"Images\/flecha2.jpg\" alt=\"top\" width=\"15\" height=\"15\" name=\"Image183911111\" border=\"0\" \/><\/a><\/p>\n<p>&nbsp;<\/p>\n<p>&nbsp;<\/p>\n<\/td>\n<\/tr>\n<\/tbody>\n<\/table>\n<\/div>\n<\/div><\/div><\/div><\/div><\/div>","protected":false},"excerpt":{"rendered":"<p>_A \u00b7\u00a0Videoplaning (1989) _B \u00b7\u00a0AF Imagen\u00a0(1991) _C \u00b7\u00a0Giralda TV (1993-2000) Arbide -a la iaquierda- rodando en el Campo de Gibraltar un documental para Canal Sur TV, con un equipo t\u00e9cnico &#8230;<\/p>\n","protected":false},"author":1,"featured_media":0,"parent":0,"menu_order":0,"comment_status":"closed","ping_status":"closed","template":"template-fullwidth.php","meta":{"footnotes":""},"class_list":["post-26","page","type-page","status-publish","hentry"],"_links":{"self":[{"href":"https:\/\/joaquinarbide.com\/index.php?rest_route=\/wp\/v2\/pages\/26","targetHints":{"allow":["GET"]}}],"collection":[{"href":"https:\/\/joaquinarbide.com\/index.php?rest_route=\/wp\/v2\/pages"}],"about":[{"href":"https:\/\/joaquinarbide.com\/index.php?rest_route=\/wp\/v2\/types\/page"}],"author":[{"embeddable":true,"href":"https:\/\/joaquinarbide.com\/index.php?rest_route=\/wp\/v2\/users\/1"}],"replies":[{"embeddable":true,"href":"https:\/\/joaquinarbide.com\/index.php?rest_route=%2Fwp%2Fv2%2Fcomments&post=26"}],"version-history":[{"count":2,"href":"https:\/\/joaquinarbide.com\/index.php?rest_route=\/wp\/v2\/pages\/26\/revisions"}],"predecessor-version":[{"id":74,"href":"https:\/\/joaquinarbide.com\/index.php?rest_route=\/wp\/v2\/pages\/26\/revisions\/74"}],"wp:attachment":[{"href":"https:\/\/joaquinarbide.com\/index.php?rest_route=%2Fwp%2Fv2%2Fmedia&parent=26"}],"curies":[{"name":"wp","href":"https:\/\/api.w.org\/{rel}","templated":true}]}}