{"id":24,"date":"2025-10-11T14:18:42","date_gmt":"2025-10-11T12:18:42","guid":{"rendered":"https:\/\/joaquinarbide.com\/?page_id=24"},"modified":"2026-01-16T14:52:14","modified_gmt":"2026-01-16T13:52:14","slug":"radio","status":"publish","type":"page","link":"https:\/\/joaquinarbide.com\/?page_id=24","title":{"rendered":"RADIO"},"content":{"rendered":"<div id=\"pl-gb24-69ff1cf0a9204\"  class=\"panel-layout\" ><div id=\"pg-gb24-69ff1cf0a9204-0\"  class=\"panel-grid panel-no-style\" ><div id=\"pgc-gb24-69ff1cf0a9204-0-0\"  class=\"panel-grid-cell\" ><div id=\"panel-gb24-69ff1cf0a9204-0-0-0\" class=\"so-panel widget widget_sow-editor panel-first-child panel-last-child\" data-index=\"0\" ><div\n\t\t\t\n\t\t\tclass=\"so-widget-sow-editor so-widget-sow-editor-base\"\n\t\t\t\n\t\t>\n<div class=\"siteorigin-widget-tinymce textwidget\">\n\t<p><span class=\"Estilo1\">|<\/span><a id=\"radiotop\" name=\"radiotop\"><\/a><\/p>\n<table border=\"0\" width=\"650\" cellspacing=\"2\" cellpadding=\"2\" align=\"center\">\n<tbody>\n<tr>\n<td class=\"Estilo2\" align=\"left\" valign=\"top\" width=\"321\">\n<h4>_A \u00b7<a href=\"#A\">\u00a0La Voz del Guadalquivir<\/a><\/h4>\n<h4>_B \u00b7<a href=\"#B\">\u00a0Radio 80<\/a><\/h4>\n<h4>_C \u00b7<a href=\"#C\">\u00a0Radio Andaluc\u00eda<\/a><\/h4>\n<h4>_D \u00b7<a href=\"#D\">\u00a0Radio Lebrija<br \/>\n<\/a>_E \u00b7\u00a0Onda Sevilla Radio<\/h4>\n<\/td>\n<td valign=\"top\"><\/td>\n<\/tr>\n<tr>\n<td valign=\"top\" width=\"321\"><\/td>\n<td valign=\"top\"><\/td>\n<\/tr>\n<tr>\n<td align=\"center\" valign=\"middle\" bgcolor=\"#996600\" width=\"321\" height=\"208\"><a href=\"http:\/\/www.guadalturia.es\/store\/index.php?route=product\/category&amp;path=131\" target=\"_blank\" rel=\"noopener\"><img loading=\"lazy\" decoding=\"async\" src=\"Images\/Radio\/LogoRadioSetm.jpg\" alt=\"Sevilla en tus manos\" width=\"250\" height=\"191\" \/><\/a><\/td>\n<td class=\"Estilo1\" valign=\"middle\" bgcolor=\"#996600\">\n<blockquote>\n<p>\u201c<strong>Sevilla en tus manos<\/strong>\u201d es un programa escrito, dirigido y presentado por<strong>\u00a0Joaqu\u00edn Arbide<\/strong>, que se emite en \u201c<strong>Onda Sevilla Radio<\/strong>\u201d (106.2 FM) los domingos a las 12 de la ma\u00f1ana y se repite los martes a las 11 de la noche. Un tiempo de radio dedicado al mundo de la cultura.<\/p>\n<\/blockquote>\n<\/td>\n<\/tr>\n<tr>\n<td align=\"center\" valign=\"middle\" width=\"321\" height=\"598\">&nbsp;<\/p>\n<p>&nbsp;<\/p>\n<p><img loading=\"lazy\" decoding=\"async\" src=\"Images\/Radio\/R001.jpg\" alt=\"r1b\" width=\"277\" height=\"174\" border=\"1\" \/><br \/>\n<span class=\"Estilo6\">Su primer carnet profesional. 1964.<\/span><\/p>\n<p><img loading=\"lazy\" decoding=\"async\" src=\"Images\/Radio\/R002.jpg\" alt=\"r2\" width=\"201\" height=\"282\" border=\"1\" \/><br \/>\n<span class=\"Estilo6\">Ante el micr\u00f3fono de \u201cLa voz del Guadalquivir\u201d<br \/>\ncon M\u00aa Josefa M\u00e1\u00f1ez. A\u00f1os 70.<\/span><\/p>\n<\/td>\n<td valign=\"top\"><a id=\"A\" name=\"A\"><\/a><br \/>\n<a href=\"#top\"><img loading=\"lazy\" decoding=\"async\" id=\"Image1839111111\" src=\"Images\/flecha2.jpg\" alt=\"top\" width=\"15\" height=\"15\" name=\"Image1839111111\" border=\"0\" \/><\/a><\/p>\n<h4 class=\"Estilo2\" align=\"justify\">LA VOZ DEL GUADALQUIVIR \/1964-1977<\/h4>\n<p align=\"justify\">Esta emisora empieza a funcionar como una aventura en la que un equipo de gente joven pone su empe\u00f1o y su trabajo a cambio de satisfacer su vocaci\u00f3n. Con el paso del tiempo la empresa se consolida y poco a poco se profesionaliza, pasando aquel grupo de aficionados a convertirse en un s\u00f3lido equipo de profesionales, entre los que cabe recordar a Francisco de la Cueva, Luis Baquero, Nina Salvatierra, Agust\u00edn Navarro, Miguel Acal, Jos\u00e9 Antonio S\u00e1nchez Araujo&#8230;<\/p>\n<p align=\"justify\">Arbide es jefe de programas y de servicios informativos, subdirector, cr\u00edtico de cine y teatro, realizador, guionista y presentador de programas. Enviado especial, todos los a\u00f1os, al Festival de Cine Ibero-Americano de Huelva y a varios del de Valladolid.<\/p>\n<p align=\"justify\">Realiza y presenta los siguientes programas:<br \/>\n\u201cPunto y Hora\u201d: magazine de la ma\u00f1ana.<br \/>\n\u201cLa Hora 25\u201d: programa de actualidad que se emiti\u00f3 durante una temporada en el a\u00f1o 1965, mucho antes de que la cadena SER hiciera suyo este t\u00edtulo&#8230;<br \/>\n\u201cCandilejas\u201d: revista radiof\u00f3nica de espect\u00e1culos.<br \/>\n\u201cRadioescenario\u201d: adaptaciones de obras teatrales.<br \/>\n\u201cAqu\u00ed, la Giralda\u201d: informativo.<br \/>\n\u201cClub Madrugada\u201d: magazine de la noche.<br \/>\n\u201cM\u00fasica y Sue\u00f1o\u201d: m\u00fasica suave para la noche.<br \/>\n\u201cNarraciones a una sola voz\u201d: adaptaciones de cuentos o sucesos reales narrados por el propio Arbide.<\/p>\n<p align=\"justify\">Crea los premios \u201cCine-Radio\u201d que se conceden, anualmente, a las mejores pel\u00edculas estrenadas durante la temporada, a la sala con mejor programaci\u00f3n y a las distribuidoras con mejores t\u00edtulos presentados.<\/p>\n<p align=\"justify\">Abandona voluntariamente esta empresa para dedicarse al teatro profesional y comercial.<\/p>\n<\/td>\n<\/tr>\n<tr>\n<td valign=\"top\" height=\"300\">&nbsp;<\/p>\n<p>&nbsp;<\/p>\n<h4 class=\"Estilo2\">RADIO 80 \/1982-83<\/h4>\n<p align=\"justify\">Nace en Espa\u00f1a la Cadena 80 y monta emisora en Sevilla. Se incorpora a ella como director comercial, cr\u00edtico de cine y teatro y presentador de programas.<\/p>\n<p align=\"justify\">Presenta \u201cCandilejas\u201d, espacio dedicado a la actualidad del mundo del espect\u00e1culo.<\/p>\n<p align=\"justify\">\u201cLas ma\u00f1anas de los s\u00e1bados\u201d, un magazine de entretenimiento y concursos para el fin de semana.<\/p>\n<p align=\"justify\">Realiza las retransmisiones de la Feria de Abril.<\/p>\n<p align=\"justify\">Patrocinado por una firma cervecera presenta \u201cLos bares antiguos\u201d, serie de programas realizados en directo desde los bares, tascas y bodegas con m\u00e1s solera de la ciudad.<\/p>\n<\/td>\n<td valign=\"top\"><a id=\"B\" name=\"B\"><\/a><br \/>\n<a href=\"#top\"><img loading=\"lazy\" decoding=\"async\" id=\"Image1839111112\" src=\"Images\/flecha2.jpg\" alt=\"top\" width=\"15\" height=\"15\" name=\"Image1839111112\" border=\"0\" \/><\/a><\/p>\n<p align=\"center\"><img loading=\"lazy\" decoding=\"async\" src=\"Images\/Radio\/R003.jpg\" alt=\"r3\" width=\"266\" height=\"387\" border=\"1\" \/><br \/>\nArbide y Celia M\u00aa Azagra, en el centro, presentadores del<br \/>\nprograma de \u201cLa Voz del Guadalquivir\u201d,\u201cPunto y Hora\u201d. A\u00f1os 70.<\/p>\n<\/td>\n<\/tr>\n<tr>\n<td valign=\"top\" height=\"174\"><\/td>\n<td valign=\"top\"><a id=\"C\" name=\"C\"><\/a><br \/>\n<a href=\"#top\"><img loading=\"lazy\" decoding=\"async\" id=\"Image1839111113\" src=\"Images\/flecha2.jpg\" alt=\"top\" width=\"15\" height=\"15\" name=\"Image1839111113\" border=\"0\" \/><\/a><\/p>\n<h4 class=\"Estilo2\">RADIO ANDALUCIA \/1984<\/h4>\n<p align=\"justify\">En Radio Andaluc\u00eda, perteneciente a la empresa de \u201cEl Correo de Andaluc\u00eda\u201d, permanece un a\u00f1o dedicado a la presentaci\u00f3n de programas comerciales, bien desde el estudio o en directo desde calles, plazas, complejos comerciales o desde salas de espect\u00e1culos, siempre organizados y patrocinados por asociaciones de comerciantes, como Feria, Regina, Marques de Pickman, Rioja o Triana.<\/p>\n<\/td>\n<\/tr>\n<tr>\n<td valign=\"top\" height=\"342\">&nbsp;<\/p>\n<h4 class=\"Estilo2\">RADIO LEBRIJA \/1985-1988<\/h4>\n<p align=\"justify\">En esta emisora municipal es contratado en calidad de director y jefe de los servicios informativos. Adem\u00e1s es resentador de distintos programas como:<br \/>\n\u201cInformativos\u201d.<br \/>\n\u201cLa Hora Abierta\u201d: magazine de la tarde con entrevistas y debates sobre temas de inter\u00e9s local.<br \/>\n\u201cTertulias taurinas\u201d: reuniones semanales celebradas en un restaurante de la localidad, con la asistencia de importantes figuras del toreo como Lucio Sand\u00edn, Espartaco, Manolo V\u00e1zquez, Javier Buend\u00eda&#8230; A la sombra de este programa se crearon unos premios anuales para los mejores toreros, toros y ganader\u00edas.<br \/>\n\u201cTertulias del casino\u201d: reuniones celebradas en el casino lebrijano para tratar en torno a temas de inter\u00e9s local, como la ense\u00f1anza, la seguridad ciudadana, las costumbres populares, el flamenco, las Cruces de Mayo&#8230;<\/p>\n<p align=\"justify\">Cuando Arbide lleg\u00f3 a Lebrija, la emisora ocupaba una sola habitaci\u00f3n, dividida en dos por una pecera. An un lado el locutorio o estudio y al otro el control. Los discos se amontanaban en el suelo del estudio.<br \/>\nDurante los cuatro a\u00f1os de trabajo de Arbide al frente de la emisora se consiguieron los siguientes objetivos:<br \/>\n1) Legalizar la emisora, que hasta entonces hab\u00eda emitido de forma ilegal, lo que conllevaba la legalizaci\u00f3n de la empresa y legalizaci\u00f3n del emisor y su frecuencia.<br \/>\n2) Construcci\u00f3n de las nuevas instalaciones de baja frecuencia. La nueva emisora ocup\u00f3 parte de la planta baja del nuevo Ayuntamiento constando de: Recepci\u00f3n, administraci\u00f3n, taller t\u00e9cnico, despacho de direcci\u00f3n, sala de redacci\u00f3n, discoteca, control y estudio de directo con capacidad para tertulias y control y estudio para programas grabados.<br \/>\n2) Instalaci\u00f3n de los nuevos equipos de alta frecuencia, consistente en el montaje de un radio-enlace entre los estudios y el equipo emisor; un nuevo equipo emisor compuesto por dos emisoras de 250 W. cada una, lo que supon\u00eda la posibilidad de emitir con un equipo, teniendo el otro de reserva para casos de aver\u00eda, o poder, en ocasiones excepcionales, emitir con los dos equipos consiguiendo 500 w. de potencia en antena, as\u00ed como la instalaci\u00f3n de un nuevo poste emisor con cuatro dipolos.<br \/>\n3) Montaje de una unidad m\u00f3vil en un veh\u00edculo furgoneta con un equipo emisor incorporado que permit\u00eda establecer conexiones en directo en un campo de unos quince kil\u00f3metros de di\u00e1metro.<\/p>\n<p align=\"justify\">En el transcurso de aquellos a\u00f1os se consigui\u00f3 que la emisora pasara, de ser un medio de comunicaci\u00f3n local, a ser un medio que se pod\u00eda escuchar en puntos como Sevilla capital, Utrera, Jerez, C\u00e1diz o Sanlucar de Barrameda..<\/p>\n<\/td>\n<td valign=\"top\"><a id=\"D\" name=\"D\"><\/a><br \/>\n<a href=\"#top\"><img loading=\"lazy\" decoding=\"async\" id=\"Image1839111114\" src=\"Images\/flecha2.jpg\" alt=\"top\" width=\"15\" height=\"15\" name=\"Image1839111114\" border=\"0\" \/><\/a><\/td>\n<\/tr>\n<tr>\n<td valign=\"top\" height=\"18\"><\/td>\n<td valign=\"top\"><\/td>\n<\/tr>\n<\/tbody>\n<\/table>\n<p align=\"center\"><a href=\"#top\"><img loading=\"lazy\" decoding=\"async\" id=\"Image183911111\" src=\"Images\/flecha2.jpg\" alt=\"top\" width=\"15\" height=\"15\" name=\"Image183911111\" border=\"0\" \/><\/a><\/p>\n<\/div>\n<\/div><\/div><\/div><\/div><\/div>","protected":false},"excerpt":{"rendered":"<p>| _A \u00b7\u00a0La Voz del Guadalquivir _B \u00b7\u00a0Radio 80 _C \u00b7\u00a0Radio Andaluc\u00eda _D \u00b7\u00a0Radio Lebrija _E \u00b7\u00a0Onda Sevilla Radio \u201cSevilla en tus manos\u201d es un programa escrito, dirigido y presentado &#8230;<\/p>\n","protected":false},"author":1,"featured_media":0,"parent":0,"menu_order":0,"comment_status":"closed","ping_status":"closed","template":"template-fullwidth.php","meta":{"footnotes":""},"class_list":["post-24","page","type-page","status-publish","hentry"],"_links":{"self":[{"href":"https:\/\/joaquinarbide.com\/index.php?rest_route=\/wp\/v2\/pages\/24","targetHints":{"allow":["GET"]}}],"collection":[{"href":"https:\/\/joaquinarbide.com\/index.php?rest_route=\/wp\/v2\/pages"}],"about":[{"href":"https:\/\/joaquinarbide.com\/index.php?rest_route=\/wp\/v2\/types\/page"}],"author":[{"embeddable":true,"href":"https:\/\/joaquinarbide.com\/index.php?rest_route=\/wp\/v2\/users\/1"}],"replies":[{"embeddable":true,"href":"https:\/\/joaquinarbide.com\/index.php?rest_route=%2Fwp%2Fv2%2Fcomments&post=24"}],"version-history":[{"count":3,"href":"https:\/\/joaquinarbide.com\/index.php?rest_route=\/wp\/v2\/pages\/24\/revisions"}],"predecessor-version":[{"id":115,"href":"https:\/\/joaquinarbide.com\/index.php?rest_route=\/wp\/v2\/pages\/24\/revisions\/115"}],"wp:attachment":[{"href":"https:\/\/joaquinarbide.com\/index.php?rest_route=%2Fwp%2Fv2%2Fmedia&parent=24"}],"curies":[{"name":"wp","href":"https:\/\/api.w.org\/{rel}","templated":true}]}}